{"id":5244,"date":"2024-08-20T11:11:13","date_gmt":"2024-08-20T08:11:13","guid":{"rendered":"https:\/\/www.orgbalt.eu\/?page_id=5244"},"modified":"2024-08-20T11:13:01","modified_gmt":"2024-08-20T08:13:01","slug":"somijas-nacionalais-un-apmacibu-seminars-baribas-vielam-bagatas-organiskas-augsnes-apsaimniekosanas-iespejas-klimata-parmainu-samazinasanai","status":"publish","type":"page","link":"https:\/\/www.orgbalt.eu\/?page_id=5244&lang=lv","title":{"rendered":"Nacion\u0101lais semin\u0101rs un Apm\u0101c\u012bbu semin\u0101rs Somij\u0101 &#8211; bar\u012bbas viel\u0101m bag\u0101tas organisk\u0101s augsnes apsaimnieko\u0161anas iesp\u0113jas klimata p\u0101rmai\u0146u samazin\u0101\u0161anai"},"content":{"rendered":"\n<p><strong>Datums:<\/strong> 30.05.2024<\/p>\n\n\n\n<p><strong>Vieta: <\/strong>Helsinki, Somija un tie\u0161saist\u0113 MS TEAMS<\/p>\n\n\n\n<p><strong><a href=\"https:\/\/www.orgbalt.eu\/wp-content\/uploads\/2024\/08\/Final-agenda.pdf\" target=\"_blank\" rel=\"noreferrer noopener\">Darba k\u0101rt\u012bba: \u0160EIT<\/a><\/strong><\/p>\n\n\n\n<p><strong>Prezent\u0101cijas (somu un ang\u013cu valod\u0101):<\/strong><\/p>\n\n\n\n<ol class=\"wp-block-list\">\n<li><a href=\"https:\/\/www.orgbalt.eu\/wp-content\/uploads\/2024\/08\/Tyopaja_Raija-Laiho.pdf\" target=\"_blank\" rel=\"noreferrer noopener\">Turvemaiden k\u00e4ytt\u00f6 maa- ja mets\u00e4talouteen \u2013 mik\u00e4 (ja kenell\u00e4) on ongelma? \u2013 Tutkimusprofessori Raija Laiho, Luonnonvarakeskus Kysymyksi\u00e4 ja keskustelua<\/a><\/li>\n\n\n\n<li><a href=\"https:\/\/www.orgbalt.eu\/wp-content\/uploads\/2024\/08\/Tyopaja_Jyrki-Jauhiainen.pdf\" target=\"_blank\" rel=\"noreferrer noopener\">LIFE OrgBalt -projektin seurantakohteet ja turvemaiden maank\u00e4yt\u00f6n kasvihuonekaasup\u00e4\u00e4st\u00f6t \u2013 Erikoistutkija Jyrki Jauhiainen, Luonnonvarakeskus Kysymyksi\u00e4 ja keskustelua<\/a><\/li>\n\n\n\n<li><a href=\"https:\/\/www.orgbalt.eu\/wp-content\/uploads\/2024\/08\/Tyopaja_Ari-Paloviita.pdf\" target=\"_blank\" rel=\"noreferrer noopener\">Hallinnon edustajien n\u00e4kemykset turvepeltojen k\u00e4yt\u00f6st\u00e4 ja ratkaisuista \u2013 Yliopistotutkija Ari Paloviita, Jyv\u00e4skyl\u00e4n yliopisto Kysymyksi\u00e4 ja keskustelua<\/a><\/li>\n\n\n\n<li><a href=\"https:\/\/www.orgbalt.eu\/wp-content\/uploads\/2024\/08\/Tyopaja_Annika-Lonkila.pdf\" target=\"_blank\" rel=\"noreferrer noopener\">Yritysten ja j\u00e4rjest\u00f6jen rooli turvemaakysymyksen ratkaisussa \u2013 Erikoistutkija Annika Lonkila, Suomen ymp\u00e4rist\u00f6keskus Kysymyksi\u00e4 ja keskustelua<\/a><\/li>\n\n\n\n<li><a href=\"https:\/\/www.orgbalt.eu\/wp-content\/uploads\/2024\/08\/30052024fiministryofagriculturefinal-240521141434-9ea3ef1d.pdf\" target=\"_blank\" rel=\"noreferrer noopener\">LIFE OrgBalt project results for developing coherent climate and environment policy for the land use sector \u2013 Senior Expert, El\u012bna L\u0101ce, Ministry of Agriculture Republic of Latvia<\/a><\/li>\n\n\n\n<li><a href=\"https:\/\/www.orgbalt.eu\/wp-content\/uploads\/2024\/08\/mrotzekpeatlandagencymv-240521141918-bca14355.pdf\" target=\"_blank\" rel=\"noreferrer noopener\">Supporting the rewetting and climate-friendly use of organic soils \u2013 Landscape Ecologist (Leader), Dr. Almut Mrotzek, Peatland Agency of Mecklenburg-Vorpommern, Germany<\/a><\/li>\n<\/ol>\n\n\n\n<figure class=\"wp-block-gallery has-nested-images columns-default is-cropped wp-block-gallery-1 is-layout-flex wp-block-gallery-is-layout-flex\">\n<figure class=\"wp-block-image size-large\"><img loading=\"lazy\" decoding=\"async\" width=\"1024\" height=\"768\" data-id=\"5245\" src=\"https:\/\/www.orgbalt.eu\/wp-content\/uploads\/2024\/08\/IMG-20240531-WA0010-002-3-1024x768.jpg\" alt=\"\" class=\"wp-image-5245\" srcset=\"https:\/\/www.orgbalt.eu\/wp-content\/uploads\/2024\/08\/IMG-20240531-WA0010-002-3-1024x768.jpg 1024w, https:\/\/www.orgbalt.eu\/wp-content\/uploads\/2024\/08\/IMG-20240531-WA0010-002-3-300x225.jpg 300w, https:\/\/www.orgbalt.eu\/wp-content\/uploads\/2024\/08\/IMG-20240531-WA0010-002-3-768x576.jpg 768w, https:\/\/www.orgbalt.eu\/wp-content\/uploads\/2024\/08\/IMG-20240531-WA0010-002-3-1536x1152.jpg 1536w, https:\/\/www.orgbalt.eu\/wp-content\/uploads\/2024\/08\/IMG-20240531-WA0010-002-3-360x270.jpg 360w, https:\/\/www.orgbalt.eu\/wp-content\/uploads\/2024\/08\/IMG-20240531-WA0010-002-3.jpg 2000w\" sizes=\"auto, (max-width: 1024px) 100vw, 1024px\" \/><\/figure>\n\n\n\n<figure class=\"wp-block-image size-large\"><img loading=\"lazy\" decoding=\"async\" width=\"1024\" height=\"768\" data-id=\"5246\" src=\"https:\/\/www.orgbalt.eu\/wp-content\/uploads\/2024\/08\/IMG-20240531-WA0009-1-1024x768.jpg\" alt=\"\" class=\"wp-image-5246\" srcset=\"https:\/\/www.orgbalt.eu\/wp-content\/uploads\/2024\/08\/IMG-20240531-WA0009-1-1024x768.jpg 1024w, https:\/\/www.orgbalt.eu\/wp-content\/uploads\/2024\/08\/IMG-20240531-WA0009-1-300x225.jpg 300w, https:\/\/www.orgbalt.eu\/wp-content\/uploads\/2024\/08\/IMG-20240531-WA0009-1-768x576.jpg 768w, https:\/\/www.orgbalt.eu\/wp-content\/uploads\/2024\/08\/IMG-20240531-WA0009-1-1536x1152.jpg 1536w, https:\/\/www.orgbalt.eu\/wp-content\/uploads\/2024\/08\/IMG-20240531-WA0009-1-360x270.jpg 360w, https:\/\/www.orgbalt.eu\/wp-content\/uploads\/2024\/08\/IMG-20240531-WA0009-1.jpg 2000w\" sizes=\"auto, (max-width: 1024px) 100vw, 1024px\" \/><\/figure>\n\n\n\n<figure class=\"wp-block-image size-large\"><img loading=\"lazy\" decoding=\"async\" width=\"1024\" height=\"768\" data-id=\"5247\" src=\"https:\/\/www.orgbalt.eu\/wp-content\/uploads\/2024\/08\/IMG-20240531-WA0003-1-1024x768.jpg\" alt=\"\" class=\"wp-image-5247\" srcset=\"https:\/\/www.orgbalt.eu\/wp-content\/uploads\/2024\/08\/IMG-20240531-WA0003-1-1024x768.jpg 1024w, https:\/\/www.orgbalt.eu\/wp-content\/uploads\/2024\/08\/IMG-20240531-WA0003-1-300x225.jpg 300w, https:\/\/www.orgbalt.eu\/wp-content\/uploads\/2024\/08\/IMG-20240531-WA0003-1-768x576.jpg 768w, https:\/\/www.orgbalt.eu\/wp-content\/uploads\/2024\/08\/IMG-20240531-WA0003-1-1536x1152.jpg 1536w, https:\/\/www.orgbalt.eu\/wp-content\/uploads\/2024\/08\/IMG-20240531-WA0003-1-360x270.jpg 360w, https:\/\/www.orgbalt.eu\/wp-content\/uploads\/2024\/08\/IMG-20240531-WA0003-1.jpg 2000w\" sizes=\"auto, (max-width: 1024px) 100vw, 1024px\" \/><\/figure>\n<\/figure>\n","protected":false},"excerpt":{"rendered":"<p>Datums: 30.05.2024 Vieta: Helsinki, Somija un tie\u0161saist\u0113 MS TEAMS Darba k\u0101rt\u012bba: \u0160EIT Prezent\u0101cijas (somu un ang\u013cu valod\u0101):<\/p>\n","protected":false},"author":2,"featured_media":0,"parent":2831,"menu_order":0,"comment_status":"closed","ping_status":"closed","template":"","meta":{"footnotes":""},"class_list":["post-5244","page","type-page","status-publish","hentry"],"post_mailing_queue_ids":[],"_links":{"self":[{"href":"https:\/\/www.orgbalt.eu\/index.php?rest_route=\/wp\/v2\/pages\/5244","targetHints":{"allow":["GET"]}}],"collection":[{"href":"https:\/\/www.orgbalt.eu\/index.php?rest_route=\/wp\/v2\/pages"}],"about":[{"href":"https:\/\/www.orgbalt.eu\/index.php?rest_route=\/wp\/v2\/types\/page"}],"author":[{"embeddable":true,"href":"https:\/\/www.orgbalt.eu\/index.php?rest_route=\/wp\/v2\/users\/2"}],"replies":[{"embeddable":true,"href":"https:\/\/www.orgbalt.eu\/index.php?rest_route=%2Fwp%2Fv2%2Fcomments&post=5244"}],"version-history":[{"count":2,"href":"https:\/\/www.orgbalt.eu\/index.php?rest_route=\/wp\/v2\/pages\/5244\/revisions"}],"predecessor-version":[{"id":5253,"href":"https:\/\/www.orgbalt.eu\/index.php?rest_route=\/wp\/v2\/pages\/5244\/revisions\/5253"}],"up":[{"embeddable":true,"href":"https:\/\/www.orgbalt.eu\/index.php?rest_route=\/wp\/v2\/pages\/2831"}],"wp:attachment":[{"href":"https:\/\/www.orgbalt.eu\/index.php?rest_route=%2Fwp%2Fv2%2Fmedia&parent=5244"}],"curies":[{"name":"wp","href":"https:\/\/api.w.org\/{rel}","templated":true}]}}