{"id":5275,"date":"2024-08-20T11:52:36","date_gmt":"2024-08-20T08:52:36","guid":{"rendered":"https:\/\/www.orgbalt.eu\/?page_id=5275"},"modified":"2024-08-20T11:52:37","modified_gmt":"2024-08-20T08:52:37","slug":"apmacibu-seminars-lauksaimniekiem-un-konsultantiem-latvija-par-organisko-augsnu-ilgtspejigu-apsaimniekosanu","status":"publish","type":"page","link":"https:\/\/www.orgbalt.eu\/?page_id=5275&lang=lv","title":{"rendered":"Apm\u0101c\u012bbu semin\u0101rs lauksaimniekiem un konsultantiem Latvij\u0101 par organisko aug\u0161\u0146u ilgtsp\u0113j\u012bgu apsaimnieko\u0161anu"},"content":{"rendered":"\n<p><strong>Datums<\/strong>: 19.08.2024.<\/p>\n\n\n\n<p><strong>Vieta: <\/strong>Tie\u0161saist\u0113 MS TEAMS <\/p>\n\n\n\n<p><strong><a href=\"https:\/\/www.orgbalt.eu\/wp-content\/uploads\/2024\/08\/LIFE_OrgBalt_darba-kartiba_19082024-1.pdf\" target=\"_blank\" rel=\"noreferrer noopener\">Darba k\u0101rt\u012bba: \u0160EIT<\/a><\/strong><\/p>\n\n\n\n<p><strong>Prezent\u0101cijas:<\/strong><\/p>\n\n\n\n<ol class=\"wp-block-list\">\n<li><a href=\"https:\/\/www.orgbalt.eu\/wp-content\/uploads\/2024\/08\/LIFEOrgBalt-kopuma_lauks_19082024.pdf\" target=\"_blank\" rel=\"noreferrer noopener\">LIFE OrgBalt p\u0113t\u012bjumu projekts, Ieva L\u012bc\u012bte, LVMI Silava, LIFE OrgBalt projekta vad\u012bt\u0101ja<\/a><\/li>\n\n\n\n<li><a href=\"https:\/\/www.orgbalt.eu\/wp-content\/uploads\/2024\/08\/ZM-Prezentacija-19.08.2024.pdf\" target=\"_blank\" rel=\"noreferrer noopener\">Latvijas un ES Klimata politika un pas\u0101kumi lauksaimniec\u012bbas un me\u017esaimniec\u012bbas sektoros, El\u012bna L\u0101ce, LR Zemkop\u012bbas ministrija <\/a><\/li>\n\n\n\n<li><a href=\"https:\/\/www.orgbalt.eu\/wp-content\/uploads\/2024\/08\/LIFEOrgBalt_lauks-pasakumi_19082024.pdf\" target=\"_blank\" rel=\"noreferrer noopener\">Projekt\u0101 ieviestie klimata p\u0101rmai\u0146u mazin\u0101\u0161anas pas\u0101kumi lauksaimniec\u012bbas zem\u0113s, Ieva L\u012bc\u012bte, LVMI Silava<\/a><\/li>\n\n\n\n<li>Simulation tool: Assessment of the socioeconomic impact of GHG emission reduction, Aleksejs Nipers un Krist\u012bne Valujeva, Latvia University of Life Sciences and Technologies<\/li>\n\n\n\n<li><a href=\"https:\/\/www.orgbalt.eu\/wp-content\/uploads\/2024\/08\/20240819_PPC_model.pdf\" target=\"_blank\" rel=\"noreferrer noopener\">Priv\u0101t\u0101s un publisk\u0101s sadarb\u012bbas r\u012bks organisko aug\u0161\u0146u apsaimnieko\u0161anai &#8211; k\u0101 izmantot un interpret\u0113t rezult\u0101tus, Imants Kr\u016bze, Biedr\u012bba Baltijas Krasti<\/a><\/li>\n<\/ol>\n\n\n\n<figure class=\"wp-block-gallery has-nested-images columns-default is-cropped wp-block-gallery-1 is-layout-flex wp-block-gallery-is-layout-flex\">\n<figure class=\"wp-block-image size-large\"><img loading=\"lazy\" decoding=\"async\" width=\"1024\" height=\"576\" data-id=\"5278\" src=\"https:\/\/www.orgbalt.eu\/wp-content\/uploads\/2024\/08\/Ekranuznemums-2024-08-19-105847-1-1024x576.png\" alt=\"\" class=\"wp-image-5278\" srcset=\"https:\/\/www.orgbalt.eu\/wp-content\/uploads\/2024\/08\/Ekranuznemums-2024-08-19-105847-1-1024x576.png 1024w, https:\/\/www.orgbalt.eu\/wp-content\/uploads\/2024\/08\/Ekranuznemums-2024-08-19-105847-1-300x169.png 300w, https:\/\/www.orgbalt.eu\/wp-content\/uploads\/2024\/08\/Ekranuznemums-2024-08-19-105847-1-768x432.png 768w, https:\/\/www.orgbalt.eu\/wp-content\/uploads\/2024\/08\/Ekranuznemums-2024-08-19-105847-1-1536x864.png 1536w, https:\/\/www.orgbalt.eu\/wp-content\/uploads\/2024\/08\/Ekranuznemums-2024-08-19-105847-1.png 1920w\" sizes=\"auto, (max-width: 1024px) 100vw, 1024px\" \/><\/figure>\n\n\n\n<figure class=\"wp-block-image size-large\"><img loading=\"lazy\" decoding=\"async\" width=\"1024\" height=\"576\" data-id=\"5277\" src=\"https:\/\/www.orgbalt.eu\/wp-content\/uploads\/2024\/08\/Ekranuznemums-2024-08-19-103643-1-1024x576.png\" alt=\"\" class=\"wp-image-5277\" srcset=\"https:\/\/www.orgbalt.eu\/wp-content\/uploads\/2024\/08\/Ekranuznemums-2024-08-19-103643-1-1024x576.png 1024w, https:\/\/www.orgbalt.eu\/wp-content\/uploads\/2024\/08\/Ekranuznemums-2024-08-19-103643-1-300x169.png 300w, https:\/\/www.orgbalt.eu\/wp-content\/uploads\/2024\/08\/Ekranuznemums-2024-08-19-103643-1-768x432.png 768w, https:\/\/www.orgbalt.eu\/wp-content\/uploads\/2024\/08\/Ekranuznemums-2024-08-19-103643-1-1536x864.png 1536w, https:\/\/www.orgbalt.eu\/wp-content\/uploads\/2024\/08\/Ekranuznemums-2024-08-19-103643-1.png 1920w\" sizes=\"auto, (max-width: 1024px) 100vw, 1024px\" \/><\/figure>\n\n\n\n<figure class=\"wp-block-image size-large\"><img loading=\"lazy\" decoding=\"async\" width=\"1024\" height=\"576\" data-id=\"5279\" src=\"https:\/\/www.orgbalt.eu\/wp-content\/uploads\/2024\/08\/Ekranuznemums-2024-08-19-102710-1-1024x576.png\" alt=\"\" class=\"wp-image-5279\" srcset=\"https:\/\/www.orgbalt.eu\/wp-content\/uploads\/2024\/08\/Ekranuznemums-2024-08-19-102710-1-1024x576.png 1024w, https:\/\/www.orgbalt.eu\/wp-content\/uploads\/2024\/08\/Ekranuznemums-2024-08-19-102710-1-300x169.png 300w, https:\/\/www.orgbalt.eu\/wp-content\/uploads\/2024\/08\/Ekranuznemums-2024-08-19-102710-1-768x432.png 768w, https:\/\/www.orgbalt.eu\/wp-content\/uploads\/2024\/08\/Ekranuznemums-2024-08-19-102710-1-1536x864.png 1536w, https:\/\/www.orgbalt.eu\/wp-content\/uploads\/2024\/08\/Ekranuznemums-2024-08-19-102710-1.png 1920w\" sizes=\"auto, (max-width: 1024px) 100vw, 1024px\" \/><\/figure>\n\n\n\n<figure class=\"wp-block-image size-large\"><img loading=\"lazy\" decoding=\"async\" width=\"1024\" height=\"576\" data-id=\"5276\" src=\"https:\/\/www.orgbalt.eu\/wp-content\/uploads\/2024\/08\/Ekranuznemums-2024-08-19-100754-3-1024x576.png\" alt=\"\" class=\"wp-image-5276\" srcset=\"https:\/\/www.orgbalt.eu\/wp-content\/uploads\/2024\/08\/Ekranuznemums-2024-08-19-100754-3-1024x576.png 1024w, https:\/\/www.orgbalt.eu\/wp-content\/uploads\/2024\/08\/Ekranuznemums-2024-08-19-100754-3-300x169.png 300w, https:\/\/www.orgbalt.eu\/wp-content\/uploads\/2024\/08\/Ekranuznemums-2024-08-19-100754-3-768x432.png 768w, https:\/\/www.orgbalt.eu\/wp-content\/uploads\/2024\/08\/Ekranuznemums-2024-08-19-100754-3-1536x864.png 1536w, https:\/\/www.orgbalt.eu\/wp-content\/uploads\/2024\/08\/Ekranuznemums-2024-08-19-100754-3.png 1920w\" sizes=\"auto, (max-width: 1024px) 100vw, 1024px\" \/><\/figure>\n<\/figure>\n","protected":false},"excerpt":{"rendered":"<p>Datums: 19.08.2024. Vieta: Tie\u0161saist\u0113 MS TEAMS Darba k\u0101rt\u012bba: \u0160EIT Prezent\u0101cijas:<\/p>\n","protected":false},"author":2,"featured_media":0,"parent":0,"menu_order":0,"comment_status":"closed","ping_status":"closed","template":"","meta":{"footnotes":""},"class_list":["post-5275","page","type-page","status-publish","hentry"],"post_mailing_queue_ids":[],"_links":{"self":[{"href":"https:\/\/www.orgbalt.eu\/index.php?rest_route=\/wp\/v2\/pages\/5275","targetHints":{"allow":["GET"]}}],"collection":[{"href":"https:\/\/www.orgbalt.eu\/index.php?rest_route=\/wp\/v2\/pages"}],"about":[{"href":"https:\/\/www.orgbalt.eu\/index.php?rest_route=\/wp\/v2\/types\/page"}],"author":[{"embeddable":true,"href":"https:\/\/www.orgbalt.eu\/index.php?rest_route=\/wp\/v2\/users\/2"}],"replies":[{"embeddable":true,"href":"https:\/\/www.orgbalt.eu\/index.php?rest_route=%2Fwp%2Fv2%2Fcomments&post=5275"}],"version-history":[{"count":1,"href":"https:\/\/www.orgbalt.eu\/index.php?rest_route=\/wp\/v2\/pages\/5275\/revisions"}],"predecessor-version":[{"id":5280,"href":"https:\/\/www.orgbalt.eu\/index.php?rest_route=\/wp\/v2\/pages\/5275\/revisions\/5280"}],"wp:attachment":[{"href":"https:\/\/www.orgbalt.eu\/index.php?rest_route=%2Fwp%2Fv2%2Fmedia&parent=5275"}],"curies":[{"name":"wp","href":"https:\/\/api.w.org\/{rel}","templated":true}]}}