{"id":5382,"date":"2024-08-22T17:16:06","date_gmt":"2024-08-22T14:16:06","guid":{"rendered":"https:\/\/www.orgbalt.eu\/?page_id=5382"},"modified":"2024-11-22T16:12:17","modified_gmt":"2024-11-22T13:12:17","slug":"c5-atkartojamibas-riki","status":"publish","type":"page","link":"https:\/\/www.orgbalt.eu\/?page_id=5382&lang=lv","title":{"rendered":"C5- Atk\u0101rtojam\u012bbas r\u012bki"},"content":{"rendered":"\n<h6 class=\"wp-block-heading\">M\u0113r\u0137i: <\/h6>\n\n\n\n<p>\u0160\u012bs aktivit\u0101tes m\u0113r\u0137i ir izstr\u0101d\u0101t telpisk\u0101s pl\u0101no\u0161anas r\u012bku l\u0113mumu pie\u0146em\u0161anas atbalstam par klimata p\u0101rmai\u0146u mazin\u0101\u0161anas pas\u0101kumu ievie\u0161anu ar bar\u012bbas viel\u0101m bag\u0101t\u0101s organiskaj\u0101s augsn\u0113s re\u0123ion\u0101l\u0101 un zemes gabala l\u012bmen\u012b; izstr\u0101d\u0101t p\u0101rnesam\u012bbas un atk\u0101rtojam\u012bbas (replic\u0113jam\u012bbas) strat\u0113\u0123iju un atk\u0101rtoti izmantojamu infrasarkan\u0101 skr\u012bninga metodolo\u0123iju organisko augs\u0146u raksturo\u0161anai un SEG emisij\u0101m. <\/p>\n\n\n\n<h6 class=\"wp-block-heading\">Nodevumi:<\/h6>\n\n\n\n<ul class=\"wp-block-list\">\n<li><a href=\"https:\/\/www.orgbalt.eu\/wp-content\/uploads\/2024\/11\/2023_C5_1-Interim-draft-report-on-development-of-Framework-for-training-sessions_.pdf\" target=\"_blank\" rel=\"noreferrer noopener\"><strong>C.5.1. Starpzi\u0146ojuma projekts par ietvara izveidi individu\u0101lo ieinteres\u0113to pu\u0161u apm\u0101c\u012bb\u0101m par izstr\u0101d\u0101t\u0101 r\u012bka pielietojumu<\/strong><\/a><\/li>\n\n\n\n<li><a href=\"https:\/\/www.orgbalt.eu\/wp-content\/uploads\/2024\/11\/2022_C-5_2-Interim-draft-report-on-development-of-Simulation-model_.pdf\" target=\"_blank\" rel=\"noreferrer noopener\"><strong>C.5.2. Starpzi\u0146ojuma projekts par Simul\u0101cijas r\u012bka izstr\u0101di<\/strong><\/a><\/li>\n\n\n\n<li><a href=\"https:\/\/www.orgbalt.eu\/wp-content\/uploads\/2024\/11\/2022_C-5_3-Interim_draft-report-on-development-of-tables-with-default-parameters_.pdf\" target=\"_blank\" rel=\"noreferrer noopener\"><strong>C.5.3. Starpzi\u0146ojuma projekts par tabulu izstr\u0101di ar noklus\u0113juma parametriem klimata p\u0101rmai\u0146u mazin\u0101\u0161anas pas\u0101kumu efektivit\u0101tes apr\u0113\u0137in\u0101\u0161anai<\/strong><\/a><\/li>\n\n\n\n<li><a href=\"https:\/\/www.orgbalt.eu\/wp-content\/uploads\/2024\/11\/2024_C5_4_Data-utilised-in-the-model-published_.pdf\" target=\"_blank\" rel=\"noreferrer noopener\"><strong>C.5.4. Model\u012b izmantotie dati public\u0113ti 2 recenz\u0113tos rakstos un prezent\u0113ti vismaz 2 starptautisk\u0101s konferenc\u0113s<\/strong><\/a><\/li>\n\n\n\n<li><a href=\"https:\/\/www.orgbalt.eu\/wp-content\/uploads\/2024\/11\/2024_C5_5-Final-framework-for-training-sessions_.pdf\" target=\"_blank\" rel=\"noreferrer noopener\"><strong>C.5.5. Gala zi\u0146ojums par ietvara izveidi individu\u0101lo ieinteres\u0113to pu\u0161u apm\u0101c\u012bb\u0101m par izstr\u0101d\u0101t\u0101 r\u012bka pielietojumu<\/strong><\/a><\/li>\n\n\n\n<li><a href=\"https:\/\/www.orgbalt.eu\/wp-content\/uploads\/2024\/08\/2024_C5_6-Simulation-model_.pdf\" target=\"_blank\" rel=\"noreferrer noopener\"><strong>C.5.6. Simul\u0101cijas modelis ar izkl\u0101jlapas saskarni viena zemes gabala parast\u0101 scen\u0101rija un da\u017e\u0101du apsaimnieko\u0161anas iesp\u0113ju apr\u0113\u0137in\u0101\u0161anai<\/strong><\/a><\/li>\n\n\n\n<li><a href=\"https:\/\/www.orgbalt.eu\/wp-content\/uploads\/2024\/11\/2024_C5_7_Tables-with-default-parameters_.pdf\" target=\"_blank\" rel=\"noreferrer noopener\"><strong>C.5.7. Tabulas ar noklus\u0113juma parametriem klimata p\u0101rmai\u0146u mazin\u0101\u0161anas pas\u0101kumu efektivit\u0101tes apr\u0113\u0137in\u0101\u0161anai<\/strong><\/a><\/li>\n\n\n\n<li><a href=\"https:\/\/www.orgbalt.eu\/wp-content\/uploads\/2024\/11\/2024_C5_8_Developed-Simulation-tool-applied-in-real-life-conditions__compressed.pdf\" target=\"_blank\" rel=\"noreferrer noopener\"><strong>C.5.8. Izstr\u0101d\u0101tais Simul\u0101cijas r\u012bks izmantots re\u0101l\u0101s dz\u012bves apst\u0101k\u013cos vismaz 5 reizes partneru valst\u012bs (vienreiz katr\u0101 valst\u012b)<\/strong><\/a><\/li>\n<\/ul>\n","protected":false},"excerpt":{"rendered":"<p>M\u0113r\u0137i: \u0160\u012bs aktivit\u0101tes m\u0113r\u0137i ir izstr\u0101d\u0101t telpisk\u0101s pl\u0101no\u0161anas r\u012bku l\u0113mumu pie\u0146em\u0161anas atbalstam par klimata p\u0101rmai\u0146u mazin\u0101\u0161anas pas\u0101kumu ievie\u0161anu ar bar\u012bbas viel\u0101m bag\u0101t\u0101s organiskaj\u0101s augsn\u0113s re\u0123ion\u0101l\u0101 un zemes gabala l\u012bmen\u012b; izstr\u0101d\u0101t [&hellip;]<\/p>\n","protected":false},"author":2,"featured_media":0,"parent":2797,"menu_order":0,"comment_status":"closed","ping_status":"closed","template":"","meta":{"footnotes":""},"class_list":["post-5382","page","type-page","status-publish","hentry"],"post_mailing_queue_ids":[],"_links":{"self":[{"href":"https:\/\/www.orgbalt.eu\/index.php?rest_route=\/wp\/v2\/pages\/5382","targetHints":{"allow":["GET"]}}],"collection":[{"href":"https:\/\/www.orgbalt.eu\/index.php?rest_route=\/wp\/v2\/pages"}],"about":[{"href":"https:\/\/www.orgbalt.eu\/index.php?rest_route=\/wp\/v2\/types\/page"}],"author":[{"embeddable":true,"href":"https:\/\/www.orgbalt.eu\/index.php?rest_route=\/wp\/v2\/users\/2"}],"replies":[{"embeddable":true,"href":"https:\/\/www.orgbalt.eu\/index.php?rest_route=%2Fwp%2Fv2%2Fcomments&post=5382"}],"version-history":[{"count":4,"href":"https:\/\/www.orgbalt.eu\/index.php?rest_route=\/wp\/v2\/pages\/5382\/revisions"}],"predecessor-version":[{"id":5666,"href":"https:\/\/www.orgbalt.eu\/index.php?rest_route=\/wp\/v2\/pages\/5382\/revisions\/5666"}],"up":[{"embeddable":true,"href":"https:\/\/www.orgbalt.eu\/index.php?rest_route=\/wp\/v2\/pages\/2797"}],"wp:attachment":[{"href":"https:\/\/www.orgbalt.eu\/index.php?rest_route=%2Fwp%2Fv2%2Fmedia&parent=5382"}],"curies":[{"name":"wp","href":"https:\/\/api.w.org\/{rel}","templated":true}]}}