{"id":5404,"date":"2024-08-22T18:12:08","date_gmt":"2024-08-22T15:12:08","guid":{"rendered":"https:\/\/www.orgbalt.eu\/?page_id=5404"},"modified":"2024-11-22T16:42:53","modified_gmt":"2024-11-22T13:42:53","slug":"d2-projekta-aktivitasu-sociali-ekonomiskas-ietekmes-monitorings","status":"publish","type":"page","link":"https:\/\/www.orgbalt.eu\/?page_id=5404&lang=lv","title":{"rendered":"D2- Projekta aktivit\u0101\u0161u soci\u0101li-ekonomisk\u0101s ietekmes monitorings"},"content":{"rendered":"\n<h6 class=\"wp-block-heading\">M\u0113r\u0137i:<\/h6>\n\n\n\n<p>Monitor\u0113t projekta darb\u012bbu soci\u0101li-ekonomisko ietekmi, lai nov\u0113rt\u0113tu projekta \u012bsteno\u0161anu; Nov\u0113rt\u0113t identific\u0113to soci\u0101li-ekonomisko ietekmi, lai noteiktu, k\u0101 projekta aktivit\u0101\u0161u \u012bsteno\u0161ana ir veicin\u0101jusi projekta m\u0113r\u0137u sasnieg\u0161anu; Nodro\u0161in\u0101t savlaic\u012bgu atsevi\u0161\u0137u aktivit\u0101\u0161u vai projekta kop\u0113jo risku identific\u0113\u0161anu.<\/p>\n\n\n\n<h6 class=\"wp-block-heading\">Nodevumi:<\/h6>\n\n\n\n<ul class=\"wp-block-list\">\n<li><a href=\"https:\/\/www.orgbalt.eu\/wp-content\/uploads\/2024\/11\/2021_D2_1_Initial-monitoring-of-socio-economic-impact_.pdf\" target=\"_blank\" rel=\"noreferrer noopener\"><strong>D.2.1. S\u0101kotn\u0113jais monitoringa zi\u0146ojums par projekta aktivit\u0101\u0161u soci\u0101li-ekonomisko ietekmi<\/strong><\/a><\/li>\n\n\n\n<li><a href=\"https:\/\/www.orgbalt.eu\/wp-content\/uploads\/2024\/11\/2024_D2_2-Final-monitoring-report-on-socio-economic-impact-of-project-actions_.pdf\" target=\"_blank\" rel=\"noreferrer noopener\"><strong>D.2.2. Gala monitoringa zi\u0146ojums par projekta aktivit\u0101\u0161u soci\u0101li-ekonomisko ietekmi<\/strong><\/a><\/li>\n<\/ul>\n","protected":false},"excerpt":{"rendered":"<p>M\u0113r\u0137i: Monitor\u0113t projekta darb\u012bbu soci\u0101li-ekonomisko ietekmi, lai nov\u0113rt\u0113tu projekta \u012bsteno\u0161anu; Nov\u0113rt\u0113t identific\u0113to soci\u0101li-ekonomisko ietekmi, lai noteiktu, k\u0101 projekta aktivit\u0101\u0161u \u012bsteno\u0161ana ir veicin\u0101jusi projekta m\u0113r\u0137u sasnieg\u0161anu; Nodro\u0161in\u0101t savlaic\u012bgu atsevi\u0161\u0137u aktivit\u0101\u0161u vai [&hellip;]<\/p>\n","protected":false},"author":2,"featured_media":0,"parent":2797,"menu_order":0,"comment_status":"closed","ping_status":"closed","template":"","meta":{"footnotes":""},"class_list":["post-5404","page","type-page","status-publish","hentry"],"post_mailing_queue_ids":[],"_links":{"self":[{"href":"https:\/\/www.orgbalt.eu\/index.php?rest_route=\/wp\/v2\/pages\/5404","targetHints":{"allow":["GET"]}}],"collection":[{"href":"https:\/\/www.orgbalt.eu\/index.php?rest_route=\/wp\/v2\/pages"}],"about":[{"href":"https:\/\/www.orgbalt.eu\/index.php?rest_route=\/wp\/v2\/types\/page"}],"author":[{"embeddable":true,"href":"https:\/\/www.orgbalt.eu\/index.php?rest_route=\/wp\/v2\/users\/2"}],"replies":[{"embeddable":true,"href":"https:\/\/www.orgbalt.eu\/index.php?rest_route=%2Fwp%2Fv2%2Fcomments&post=5404"}],"version-history":[{"count":3,"href":"https:\/\/www.orgbalt.eu\/index.php?rest_route=\/wp\/v2\/pages\/5404\/revisions"}],"predecessor-version":[{"id":5682,"href":"https:\/\/www.orgbalt.eu\/index.php?rest_route=\/wp\/v2\/pages\/5404\/revisions\/5682"}],"up":[{"embeddable":true,"href":"https:\/\/www.orgbalt.eu\/index.php?rest_route=\/wp\/v2\/pages\/2797"}],"wp:attachment":[{"href":"https:\/\/www.orgbalt.eu\/index.php?rest_route=%2Fwp%2Fv2%2Fmedia&parent=5404"}],"curies":[{"name":"wp","href":"https:\/\/api.w.org\/{rel}","templated":true}]}}