{"id":5415,"date":"2024-08-22T18:38:37","date_gmt":"2024-08-22T15:38:37","guid":{"rendered":"https:\/\/www.orgbalt.eu\/?page_id=5415"},"modified":"2025-01-20T19:53:08","modified_gmt":"2025-01-20T16:53:08","slug":"d3-izpildijuma-indikatoru-monitorings-life-key-performance-indicators","status":"publish","type":"page","link":"https:\/\/www.orgbalt.eu\/?page_id=5415&lang=lv","title":{"rendered":"D3- Izpild\u012bjuma indikatoru monitorings (LIFE Key Performance Indicators)"},"content":{"rendered":"\n<h6 class=\"wp-block-heading\">M\u0113r\u0137i:<\/h6>\n\n\n\n<p>\u0160\u012bs darb\u012bbas ietvaros tiks apkopota nepiecie\u0161am\u0101 inform\u0101cija, lai aizpild\u012btu LIFE izpild\u012bjuma indikatoru tabulas (kvantitat\u012bvas un kvalitat\u012bvas), nodro\u0161inot prec\u012bzu projekta progresa uzraudz\u012bbu.<\/p>\n\n\n\n<h6 class=\"wp-block-heading\">Nodevumi:<\/h6>\n\n\n\n<ul class=\"wp-block-list\">\n<li><a href=\"https:\/\/www.orgbalt.eu\/wp-content\/uploads\/2024\/11\/2020_D3_1_Report-on-progress-regarding-LIFE-key-performance-indicators_.pdf\" target=\"_blank\" rel=\"noreferrer noopener\"><strong>D.3.1. Zi\u0146ojums par progresu attiec\u012bb\u0101 uz LIFE galvenajiem izpild\u012bjuma indikatoriem 2020<\/strong><\/a><\/li>\n\n\n\n<li><a href=\"https:\/\/www.orgbalt.eu\/wp-content\/uploads\/2024\/11\/2021_D3_2_Report-on-progress-regarding-LIFE-key-performance-indicators_.pdf\" target=\"_blank\" rel=\"noreferrer noopener\"><strong>D.3.2. Zi\u0146ojums par progresu attiec\u012bb\u0101 uz LIFE galvenajiem izpild\u012bjuma indikatoriem 2021<\/strong><\/a><\/li>\n\n\n\n<li><a href=\"https:\/\/www.orgbalt.eu\/wp-content\/uploads\/2024\/11\/2022_D3_3_Report-on-progress-regarding-LIFE-key-performance-indicators_.pdf\" target=\"_blank\" rel=\"noreferrer noopener\"><strong>D.3.3. Zi\u0146ojums par progresu attiec\u012bb\u0101 uz LIFE galvenajiem izpild\u012bjuma indikatoriem 2022<\/strong><\/a><\/li>\n\n\n\n<li><a href=\"https:\/\/www.orgbalt.eu\/wp-content\/uploads\/2025\/01\/2024_D3_4_Report-on-progress-regarding-LIFE-key-performance-indicators_.pdf\" target=\"_blank\" rel=\"noreferrer noopener\"><strong>D.3.4.<\/strong> <strong>Zi\u0146ojums par progresu attiec\u012bb\u0101 uz LIFE galvenajiem izpild\u012bjuma indikatoriem 2024<\/strong><\/a><\/li>\n<\/ul>\n\n\n\n<p><\/p>\n","protected":false},"excerpt":{"rendered":"<p>M\u0113r\u0137i: \u0160\u012bs darb\u012bbas ietvaros tiks apkopota nepiecie\u0161am\u0101 inform\u0101cija, lai aizpild\u012btu LIFE izpild\u012bjuma indikatoru tabulas (kvantitat\u012bvas un kvalitat\u012bvas), nodro\u0161inot prec\u012bzu projekta progresa uzraudz\u012bbu. Nodevumi:<\/p>\n","protected":false},"author":2,"featured_media":0,"parent":2797,"menu_order":0,"comment_status":"closed","ping_status":"closed","template":"","meta":{"footnotes":""},"class_list":["post-5415","page","type-page","status-publish","hentry"],"post_mailing_queue_ids":[],"_links":{"self":[{"href":"https:\/\/www.orgbalt.eu\/index.php?rest_route=\/wp\/v2\/pages\/5415","targetHints":{"allow":["GET"]}}],"collection":[{"href":"https:\/\/www.orgbalt.eu\/index.php?rest_route=\/wp\/v2\/pages"}],"about":[{"href":"https:\/\/www.orgbalt.eu\/index.php?rest_route=\/wp\/v2\/types\/page"}],"author":[{"embeddable":true,"href":"https:\/\/www.orgbalt.eu\/index.php?rest_route=\/wp\/v2\/users\/2"}],"replies":[{"embeddable":true,"href":"https:\/\/www.orgbalt.eu\/index.php?rest_route=%2Fwp%2Fv2%2Fcomments&post=5415"}],"version-history":[{"count":8,"href":"https:\/\/www.orgbalt.eu\/index.php?rest_route=\/wp\/v2\/pages\/5415\/revisions"}],"predecessor-version":[{"id":5774,"href":"https:\/\/www.orgbalt.eu\/index.php?rest_route=\/wp\/v2\/pages\/5415\/revisions\/5774"}],"up":[{"embeddable":true,"href":"https:\/\/www.orgbalt.eu\/index.php?rest_route=\/wp\/v2\/pages\/2797"}],"wp:attachment":[{"href":"https:\/\/www.orgbalt.eu\/index.php?rest_route=%2Fwp%2Fv2%2Fmedia&parent=5415"}],"curies":[{"name":"wp","href":"https:\/\/api.w.org\/{rel}","templated":true}]}}