{"id":5436,"date":"2024-08-23T08:36:51","date_gmt":"2024-08-23T05:36:51","guid":{"rendered":"https:\/\/www.orgbalt.eu\/?page_id=5436"},"modified":"2025-01-20T20:13:43","modified_gmt":"2025-01-20T17:13:43","slug":"e1-projekta-informacijas-izplatisana","status":"publish","type":"page","link":"https:\/\/www.orgbalt.eu\/?page_id=5436&lang=lv","title":{"rendered":"E1- Projekta inform\u0101cijas izplat\u012b\u0161ana"},"content":{"rendered":"\n<h6 class=\"wp-block-heading\">M\u0113r\u0137is: <\/h6>\n\n\n\n<p>Sagatavot projekta vizu\u0101lo identit\u0101ti; sagatavot un izplat\u012bt inform\u0101ciju par projekta rezult\u0101tiem.<\/p>\n\n\n\n<h6 class=\"wp-block-heading\">Nodevumi:<\/h6>\n\n\n\n<ul class=\"wp-block-list\">\n<li><a href=\"https:\/\/www.orgbalt.eu\/wp-content\/uploads\/2024\/11\/2019_E1_1_Notice-Boards_.pdf\" target=\"_blank\" rel=\"noreferrer noopener\"><strong>E.1.1. Informat\u012bv\u0101s z\u012bmes<\/strong><\/a><\/li>\n\n\n\n<li><strong>E.1.2. Zin\u0101tnisk\u0101 publik\u0101cija par klimata p\u0101rmai\u0146u ietekmi uz SEG emisij\u0101m no organisk\u0101m augsn\u0113m<\/strong> (Nodevums satur nepublic\u0113tus zin\u0101tniskus datus, un tas ir konfidenci\u0101ls l\u012bdz public\u0113\u0161anas apstiprin\u0101\u0161anai). <\/li>\n\n\n\n<li><a href=\"https:\/\/www.orgbalt.eu\/wp-content\/uploads\/2024\/11\/2021_E1_3_deliverable_Short-documentary-about-demo-sites_.pdf\" target=\"_blank\" rel=\"noreferrer noopener\"><strong>E.1.3. \u012asfilmas par projekta demonstr\u0101cijas teritorij\u0101m un klimata p\u0101rmai\u0146u mazin\u0101\u0161anas pas\u0101kumiem<\/strong><\/a><\/li>\n\n\n\n<li><a href=\"https:\/\/www.orgbalt.eu\/wp-content\/uploads\/2024\/11\/2024_E1_4-Scientific-publication-on-carbon-inputs-and-soil-carbon-stock-changes_.pdf\" target=\"_blank\" rel=\"noreferrer noopener\"><strong>E.1.4. Zin\u0101tnisk\u0101 publik\u0101cija par oglek\u013ca ieneses un augsnes oglek\u013ca kr\u0101jumu izmai\u0146\u0101m me\u017ea zem\u0113s uz nosusin\u0101t\u0101m bar\u012bbas viel\u0101m bag\u0101t\u0101m organiskaj\u0101m augsn\u0113m<\/strong><\/a><\/li>\n\n\n\n<li><a href=\"https:\/\/www.orgbalt.eu\/?page_id=3631\" target=\"_blank\" rel=\"noreferrer noopener\"><strong>E.1.5. Druk\u0101ts buklets par SEG emisiju mazin\u0101\u0161anas pas\u0101kumiem<\/strong><\/a><\/li>\n\n\n\n<li><a href=\"https:\/\/www.orgbalt.eu\/wp-content\/uploads\/2025\/01\/2024_E1_5_E1_6-Printed-booklet-with-summaries-of-main-results_Printed-booklet-on-GHG-emissions-mitigation-measures_D.pdf\" target=\"_blank\" rel=\"noreferrer noopener\"><strong>E.1.6. Druk\u0101ts buklets par projekta rezult\u0101tiem<\/strong><\/a><\/li>\n\n\n\n<li><strong>E.1.7. Zin\u0101tnisk\u0101 publik\u0101cija par SEG emisiju faktoriem bar\u012bbas viel\u0101m bag\u0101t\u0101m organiskaj\u0101m augsn\u0113m<\/strong> (Nodevums satur nepublic\u0113tus zin\u0101tniskus datus, un tas ir konfidenci\u0101ls l\u012bdz public\u0113\u0161anas apstiprin\u0101\u0161anai).<\/li>\n\n\n\n<li><a href=\"https:\/\/www.orgbalt.eu\/wp-content\/uploads\/2024\/11\/2024_E1_8_Laymans-Report_ENG_compressed.pdf\" target=\"_blank\" rel=\"noreferrer noopener\"><strong>E.1.8. Layman Zi\u0146ojums (p\u0101rskats par projektu un galvenajiem rezult\u0101tiem)<\/strong><\/a><\/li>\n\n\n\n<li><a href=\"https:\/\/www.orgbalt.eu\/wp-content\/uploads\/2025\/01\/Deliverable-E1_9_D_pdf.pdf\" target=\"_blank\" rel=\"noreferrer noopener\"><strong>E.1.9. E-zi\u0146u lapu sagatavo\u0161ana un izplat\u012b\u0161ana<\/strong><\/a><\/li>\n<\/ul>\n\n\n\n<h6 class=\"wp-block-heading\"><a href=\"https:\/\/www.orgbalt.eu\/?page_id=3697&amp;lang=lv\" target=\"_blank\" rel=\"noreferrer noopener\">Visi projekta informat\u012bvie materi\u0101lie pieejami \u0160EIT&gt;&gt;&gt;<\/a><\/h6>\n","protected":false},"excerpt":{"rendered":"<p>M\u0113r\u0137is: Sagatavot projekta vizu\u0101lo identit\u0101ti; sagatavot un izplat\u012bt inform\u0101ciju par projekta rezult\u0101tiem. Nodevumi: Visi projekta informat\u012bvie materi\u0101lie pieejami \u0160EIT&gt;&gt;&gt;<\/p>\n","protected":false},"author":2,"featured_media":0,"parent":2797,"menu_order":0,"comment_status":"closed","ping_status":"closed","template":"","meta":{"footnotes":""},"class_list":["post-5436","page","type-page","status-publish","hentry"],"post_mailing_queue_ids":[],"_links":{"self":[{"href":"https:\/\/www.orgbalt.eu\/index.php?rest_route=\/wp\/v2\/pages\/5436","targetHints":{"allow":["GET"]}}],"collection":[{"href":"https:\/\/www.orgbalt.eu\/index.php?rest_route=\/wp\/v2\/pages"}],"about":[{"href":"https:\/\/www.orgbalt.eu\/index.php?rest_route=\/wp\/v2\/types\/page"}],"author":[{"embeddable":true,"href":"https:\/\/www.orgbalt.eu\/index.php?rest_route=\/wp\/v2\/users\/2"}],"replies":[{"embeddable":true,"href":"https:\/\/www.orgbalt.eu\/index.php?rest_route=%2Fwp%2Fv2%2Fcomments&post=5436"}],"version-history":[{"count":8,"href":"https:\/\/www.orgbalt.eu\/index.php?rest_route=\/wp\/v2\/pages\/5436\/revisions"}],"predecessor-version":[{"id":5790,"href":"https:\/\/www.orgbalt.eu\/index.php?rest_route=\/wp\/v2\/pages\/5436\/revisions\/5790"}],"up":[{"embeddable":true,"href":"https:\/\/www.orgbalt.eu\/index.php?rest_route=\/wp\/v2\/pages\/2797"}],"wp:attachment":[{"href":"https:\/\/www.orgbalt.eu\/index.php?rest_route=%2Fwp%2Fv2%2Fmedia&parent=5436"}],"curies":[{"name":"wp","href":"https:\/\/api.w.org\/{rel}","templated":true}]}}