{"id":5454,"date":"2024-08-23T09:15:01","date_gmt":"2024-08-23T06:15:01","guid":{"rendered":"https:\/\/www.orgbalt.eu\/?page_id=5454"},"modified":"2024-11-22T17:28:46","modified_gmt":"2024-11-22T14:28:46","slug":"e2-informativi-un-apmacibu-pasakumi","status":"publish","type":"page","link":"https:\/\/www.orgbalt.eu\/?page_id=5454&lang=lv","title":{"rendered":"E2 &#8211; Informat\u012bvi un apm\u0101c\u012bbu pas\u0101kumi"},"content":{"rendered":"\n<h6 class=\"wp-block-heading\">M\u0113r\u0137i: <\/h6>\n\n\n\n<ul class=\"wp-block-list\">\n<li>Organiz\u0113t sazi\u0146u un inform\u0101cijas apmai\u0146u par Projekta t\u0113m\u0101m, procesu un rezult\u0101tiem ar ieinteres\u0113taj\u0101m pus\u0113m, m\u0113r\u0137a grup\u0101m un pla\u0161\u0101ku sabiedr\u012bbu;<\/li>\n\n\n\n<li>Paaugstin\u0101t sabiedr\u012bbas izpratni, organiz\u0113jot apm\u0101c\u012bbu pas\u0101kumus, iesaistot noteikt\u0101s ieinteres\u0113t\u0101s puses un pla\u0161\u0101ku sabiedr\u012bbu Projekta aktivit\u0101t\u0113s;<\/li>\n\n\n\n<li>Veicin\u0101t izpratni sabiedr\u012bb\u0101 par klimata gudras zemes apsaimnieko\u0161anas sniegtajiem ieguvumiem un \u012bstenoto klimata p\u0101rmai\u0146u mazin\u0101\u0161anas pas\u0101kumu potenci\u0101lu, organiz\u0113jot nacion\u0101los semin\u0101rus noteiktaj\u0101m m\u0113r\u0137a grup\u0101m.<\/li>\n<\/ul>\n\n\n\n<h6 class=\"wp-block-heading\">Nodevumi:<\/h6>\n\n\n\n<ul class=\"wp-block-list\">\n<li><a href=\"https:\/\/www.orgbalt.eu\/wp-content\/uploads\/2024\/11\/2024_E2-Presentations-and-participants-lists-of-the-events-published-on-projects-website_.pdf\" target=\"_blank\" rel=\"noreferrer noopener\"><strong>E.2. Pas\u0101kumu prezent\u0101cijas un dal\u012bbnieku saraksti (public\u0113ti projekta m\u0101jaslap\u0101)<\/strong><\/a><\/li>\n<\/ul>\n\n\n\n<h6 class=\"wp-block-heading\"><a href=\"https:\/\/www.orgbalt.eu\/?page_id=2831&amp;lang=lv\" target=\"_blank\" rel=\"noreferrer noopener\">LIFE OrgBalt informat\u012bvo semin\u0101ru, apm\u0101c\u012bbu un pas\u0101kumu prezent\u0101cijas pieejamas \u0160EIT&gt;&gt;&gt;<\/a> <\/h6>\n","protected":false},"excerpt":{"rendered":"<p>M\u0113r\u0137i: Nodevumi: LIFE OrgBalt informat\u012bvo semin\u0101ru, apm\u0101c\u012bbu un pas\u0101kumu prezent\u0101cijas pieejamas \u0160EIT&gt;&gt;&gt;<\/p>\n","protected":false},"author":2,"featured_media":0,"parent":2797,"menu_order":0,"comment_status":"closed","ping_status":"closed","template":"","meta":{"footnotes":""},"class_list":["post-5454","page","type-page","status-publish","hentry"],"post_mailing_queue_ids":[],"_links":{"self":[{"href":"https:\/\/www.orgbalt.eu\/index.php?rest_route=\/wp\/v2\/pages\/5454","targetHints":{"allow":["GET"]}}],"collection":[{"href":"https:\/\/www.orgbalt.eu\/index.php?rest_route=\/wp\/v2\/pages"}],"about":[{"href":"https:\/\/www.orgbalt.eu\/index.php?rest_route=\/wp\/v2\/types\/page"}],"author":[{"embeddable":true,"href":"https:\/\/www.orgbalt.eu\/index.php?rest_route=\/wp\/v2\/users\/2"}],"replies":[{"embeddable":true,"href":"https:\/\/www.orgbalt.eu\/index.php?rest_route=%2Fwp%2Fv2%2Fcomments&post=5454"}],"version-history":[{"count":2,"href":"https:\/\/www.orgbalt.eu\/index.php?rest_route=\/wp\/v2\/pages\/5454\/revisions"}],"predecessor-version":[{"id":5702,"href":"https:\/\/www.orgbalt.eu\/index.php?rest_route=\/wp\/v2\/pages\/5454\/revisions\/5702"}],"up":[{"embeddable":true,"href":"https:\/\/www.orgbalt.eu\/index.php?rest_route=\/wp\/v2\/pages\/2797"}],"wp:attachment":[{"href":"https:\/\/www.orgbalt.eu\/index.php?rest_route=%2Fwp%2Fv2%2Fmedia&parent=5454"}],"curies":[{"name":"wp","href":"https:\/\/api.w.org\/{rel}","templated":true}]}}