{"id":5463,"date":"2024-08-23T09:33:56","date_gmt":"2024-08-23T06:33:56","guid":{"rendered":"https:\/\/www.orgbalt.eu\/?page_id=5463"},"modified":"2025-05-17T15:51:17","modified_gmt":"2025-05-17T12:51:17","slug":"f1-projekta-vadiba","status":"publish","type":"page","link":"https:\/\/www.orgbalt.eu\/?page_id=5463&lang=lv","title":{"rendered":"F1 &#8211; Projekta vad\u012bba"},"content":{"rendered":"\n<h6 class=\"wp-block-heading\">M\u0113r\u0137i:<\/h6>\n\n\n\n<p>\u0160\u012bs darb\u012bbas m\u0113r\u0137is ir veikt projekta vad\u012bbu, lai sasniegtu projekt\u0101 izvirz\u012btos m\u0113r\u0137us. Skaidra projekta hierarhija un administrat\u012bv\u0101 un finan\u0161u vad\u012bbas strukt\u016bra pal\u012bdz\u0113s nodro\u0161in\u0101t veiksm\u012bgu projekta \u012bsteno\u0161anu, s\u0101kot no s\u0101kuma san\u0101ksmes, turpinot ar aktivit\u0101\u0161u \u012bsteno\u0161anu, l\u012bdz pat gala zi\u0146ojuma nos\u016bt\u012b\u0161anai projekta beig\u0101s. Aktivit\u0101te ietver visp\u0101r\u0113jo projekta vad\u012bbu, partneru koordin\u0101ciju, zi\u0146o\u0161anu, kvalit\u0101tes kontroli, auditu un After-LIFE pl\u0101nu.<\/p>\n\n\n\n<h6 class=\"wp-block-heading\">Nodevumi:<\/h6>\n\n\n\n<p><a href=\"https:\/\/www.orgbalt.eu\/wp-content\/uploads\/2024\/11\/2020_F1_1_List-of-demo-sites_.pdf\" target=\"_blank\" rel=\"noreferrer noopener\"><strong>F.1.1. Partneru valst\u012bs eso\u0161o demonstr\u0101cijas vietu saraksts, ieskaitot atra\u0161an\u0101s vietu un brauk\u0161anas att\u0101lumus (iek\u013cauts progresa zi\u0146ojum\u0101)<\/strong><\/a><\/p>\n\n\n\n<p><a href=\"https:\/\/www.orgbalt.eu\/wp-content\/uploads\/2024\/11\/2024_F1_2_After-LIFE-Plan_.pdf\" target=\"_blank\" rel=\"noreferrer noopener\"><strong>F.1.2. After- LIFE plan<\/strong><\/a><\/p>\n\n\n\n<p><a href=\"https:\/\/www.orgbalt.eu\/wp-content\/uploads\/2025\/05\/LIFE18-CCMLV001158_LIFE-OrgBalt_Final-report.pdf\" data-type=\"link\" data-id=\"https:\/\/www.orgbalt.eu\/wp-content\/uploads\/2025\/05\/LIFE18-CCMLV001158_LIFE-OrgBalt_Final-report.pdf\" target=\"_blank\" rel=\"noreferrer noopener\"><strong>LIFE ORGBALT NOSL\u0112GUMA ZI\u0145OJUMS<\/strong><\/a><\/p>\n","protected":false},"excerpt":{"rendered":"<p>M\u0113r\u0137i: \u0160\u012bs darb\u012bbas m\u0113r\u0137is ir veikt projekta vad\u012bbu, lai sasniegtu projekt\u0101 izvirz\u012btos m\u0113r\u0137us. Skaidra projekta hierarhija un administrat\u012bv\u0101 un finan\u0161u vad\u012bbas strukt\u016bra pal\u012bdz\u0113s nodro\u0161in\u0101t veiksm\u012bgu projekta \u012bsteno\u0161anu, s\u0101kot no s\u0101kuma [&hellip;]<\/p>\n","protected":false},"author":2,"featured_media":0,"parent":2797,"menu_order":0,"comment_status":"closed","ping_status":"closed","template":"","meta":{"footnotes":""},"class_list":["post-5463","page","type-page","status-publish","hentry"],"post_mailing_queue_ids":[],"_links":{"self":[{"href":"https:\/\/www.orgbalt.eu\/index.php?rest_route=\/wp\/v2\/pages\/5463","targetHints":{"allow":["GET"]}}],"collection":[{"href":"https:\/\/www.orgbalt.eu\/index.php?rest_route=\/wp\/v2\/pages"}],"about":[{"href":"https:\/\/www.orgbalt.eu\/index.php?rest_route=\/wp\/v2\/types\/page"}],"author":[{"embeddable":true,"href":"https:\/\/www.orgbalt.eu\/index.php?rest_route=\/wp\/v2\/users\/2"}],"replies":[{"embeddable":true,"href":"https:\/\/www.orgbalt.eu\/index.php?rest_route=%2Fwp%2Fv2%2Fcomments&post=5463"}],"version-history":[{"count":6,"href":"https:\/\/www.orgbalt.eu\/index.php?rest_route=\/wp\/v2\/pages\/5463\/revisions"}],"predecessor-version":[{"id":5805,"href":"https:\/\/www.orgbalt.eu\/index.php?rest_route=\/wp\/v2\/pages\/5463\/revisions\/5805"}],"up":[{"embeddable":true,"href":"https:\/\/www.orgbalt.eu\/index.php?rest_route=\/wp\/v2\/pages\/2797"}],"wp:attachment":[{"href":"https:\/\/www.orgbalt.eu\/index.php?rest_route=%2Fwp%2Fv2%2Fmedia&parent=5463"}],"curies":[{"name":"wp","href":"https:\/\/api.w.org\/{rel}","templated":true}]}}