{"id":5489,"date":"2024-08-23T10:37:42","date_gmt":"2024-08-23T07:37:42","guid":{"rendered":"https:\/\/www.orgbalt.eu\/?page_id=5489"},"modified":"2024-08-23T10:37:42","modified_gmt":"2024-08-23T07:37:42","slug":"life-orgbalt-projeka-parbauda-klimata-parmainu-mazinasanas-scenarijus-kas-saistiti-ar-kulturaugu-mainu-lauksaimniecibas-zemes-ar-baribas-vielam-bagatas-organiskas-augsnes","status":"publish","type":"page","link":"https:\/\/www.orgbalt.eu\/?page_id=5489&lang=lv","title":{"rendered":"LIFE OrgBalt projek\u0101 p\u0101rbauda klimata p\u0101rmai\u0146u mazin\u0101\u0161anas scen\u0101rijus, kas saist\u012bti ar kult\u016braugu mai\u0146u lauksaimniec\u012bbas zem\u0113s ar bar\u012bbas viel\u0101m bag\u0101t\u0101s organisk\u0101s augsn\u0113s"},"content":{"rendered":"\n<p>Rakst\u0101 apl\u016bkotas klimata p\u0101rmai\u0146u mazin\u0101\u0161anas iesp\u0113jas lauksaimniec\u012bb\u0101, \u012bpa\u0161i koncentr\u0113joties uz kult\u016braugu mai\u0146u ar bar\u012bbas viel\u0101m bag\u0101t\u0101s organisk\u0101s augsn\u0113s. LIFE OrgBalt projekta m\u0113r\u0137is ir nov\u0113rt\u0113t, vai kult\u016braugu mai\u0146a, piem\u0113ram, aramzemes p\u0101rveido\u0161ana par z\u0101l\u0101jiem vai p\u0101k\u0161augu iek\u013cau\u0161ana augsek\u0101, var uzlabot augsnes kvalit\u0101ti un samazin\u0101t siltumn\u012bcefekta g\u0101zu (SEG) emisijas. Projekta demonstr\u0113jumu viet\u0101s Latvij\u0101 p\u0101rbauda \u0161os scen\u0101rijus, lai nov\u0113rt\u0113tu to ieguvumus videi, piem\u0113ram, palielin\u0101tu oglek\u013ca uzkr\u0101\u0161anos, samazin\u0101tu bar\u012bbas vielu izskalo\u0161anos un uzlabotu augsnes augl\u012bbu. Ir paredz\u0113ts, ka rezult\u0101ti sniegs atbildes par ilgtsp\u0113j\u012bgu zemes apsaimnieko\u0161anas praksi, kas l\u012bdzsvaro produktivit\u0101ti ar klimata p\u0101rmai\u0146u mazin\u0101\u0161anu. <\/p>\n\n\n\n<p>Turkl\u0101t rakst\u0101 ir uzsv\u0113rtas \u0161o prak\u0161u soci\u0101li ekonomisk\u0101s priek\u0161roc\u012bbas, tostarp lauksaimniec\u012bbas produktivit\u0101tes saglab\u0101\u0161ana un ekosist\u0113mu pakalpojumu nodro\u0161in\u0101\u0161ana. LIFE OrgBalt projekts ar\u012b izstr\u0101d\u0101 mode\u013cus, lai pal\u012bdz\u0113tu p\u0113tniekiem, zemes \u012bpa\u0161niekiem un politikas veidot\u0101jiem izprast, k\u0101di kompromisi ir saist\u012bti ar organisko aug\u0161\u0146u apsaimnieko\u0161anu gan produktivit\u0101tes, gan vides ilgtsp\u0113j\u012bbas nodro\u0161in\u0101\u0161anai. Gal\u012bgais m\u0113r\u0137is ir pan\u0101kt l\u012bdzsvaru, kas optimiz\u0113 oglek\u013ca uzkr\u0101\u0161anu, augsnes vesel\u012bbu un ilgtermi\u0146a lauksaimniec\u012bbas dz\u012bvotsp\u0113ju klimata p\u0101rmai\u0146u apst\u0101k\u013cos.<\/p>\n\n\n\n<p><a href=\"https:\/\/www.orgbalt.eu\/wp-content\/uploads\/2024\/08\/6th-article-for-general-public-Climate-change-mitigation-scenarios.pdf\" target=\"_blank\" rel=\"noreferrer noopener\">Publik\u0101cija &#8220;LIFE OrgBalt projek\u0101 p\u0101rbauda klimata p\u0101rmai\u0146u mazin\u0101\u0161anas scen\u0101rijus, kas saist\u012bti ar kult\u016braugu mai\u0146u lauksaimniec\u012bbas zem\u0113s ar bar\u012bbas viel\u0101m bag\u0101t\u0101s organisk\u0101s augsn\u0113s&#8221; pieejama \u0160EIT>>><\/a><\/p>\n","protected":false},"excerpt":{"rendered":"<p>Rakst\u0101 apl\u016bkotas klimata p\u0101rmai\u0146u mazin\u0101\u0161anas iesp\u0113jas lauksaimniec\u012bb\u0101, \u012bpa\u0161i koncentr\u0113joties uz kult\u016braugu mai\u0146u ar bar\u012bbas viel\u0101m bag\u0101t\u0101s organisk\u0101s augsn\u0113s. LIFE OrgBalt projekta m\u0113r\u0137is ir nov\u0113rt\u0113t, vai kult\u016braugu mai\u0146a, piem\u0113ram, aramzemes p\u0101rveido\u0161ana [&hellip;]<\/p>\n","protected":false},"author":2,"featured_media":0,"parent":3702,"menu_order":0,"comment_status":"closed","ping_status":"closed","template":"","meta":{"footnotes":""},"class_list":["post-5489","page","type-page","status-publish","hentry"],"post_mailing_queue_ids":[],"_links":{"self":[{"href":"https:\/\/www.orgbalt.eu\/index.php?rest_route=\/wp\/v2\/pages\/5489","targetHints":{"allow":["GET"]}}],"collection":[{"href":"https:\/\/www.orgbalt.eu\/index.php?rest_route=\/wp\/v2\/pages"}],"about":[{"href":"https:\/\/www.orgbalt.eu\/index.php?rest_route=\/wp\/v2\/types\/page"}],"author":[{"embeddable":true,"href":"https:\/\/www.orgbalt.eu\/index.php?rest_route=\/wp\/v2\/users\/2"}],"replies":[{"embeddable":true,"href":"https:\/\/www.orgbalt.eu\/index.php?rest_route=%2Fwp%2Fv2%2Fcomments&post=5489"}],"version-history":[{"count":1,"href":"https:\/\/www.orgbalt.eu\/index.php?rest_route=\/wp\/v2\/pages\/5489\/revisions"}],"predecessor-version":[{"id":5490,"href":"https:\/\/www.orgbalt.eu\/index.php?rest_route=\/wp\/v2\/pages\/5489\/revisions\/5490"}],"up":[{"embeddable":true,"href":"https:\/\/www.orgbalt.eu\/index.php?rest_route=\/wp\/v2\/pages\/3702"}],"wp:attachment":[{"href":"https:\/\/www.orgbalt.eu\/index.php?rest_route=%2Fwp%2Fv2%2Fmedia&parent=5489"}],"curies":[{"name":"wp","href":"https:\/\/api.w.org\/{rel}","templated":true}]}}