{"id":5531,"date":"2024-08-26T15:10:56","date_gmt":"2024-08-26T12:10:56","guid":{"rendered":"https:\/\/www.orgbalt.eu\/?page_id=5531"},"modified":"2024-11-22T18:50:48","modified_gmt":"2024-11-22T15:50:48","slug":"brosuras","status":"publish","type":"page","link":"https:\/\/www.orgbalt.eu\/?page_id=5531&lang=lv","title":{"rendered":"BUKLETI"},"content":{"rendered":"\n<div class=\"wp-block-columns is-layout-flex wp-container-core-columns-is-layout-9d6595d7 wp-block-columns-is-layout-flex\">\n<div class=\"wp-block-column is-layout-flow wp-block-column-is-layout-flow\">\n<figure class=\"wp-block-image size-full\"><a href=\"https:\/\/www.orgbalt.eu\/wp-content\/uploads\/2024\/11\/2024_E1_8_Laymans-Report_ENG_compressed.pdf\"><img loading=\"lazy\" decoding=\"async\" width=\"573\" height=\"732\" src=\"https:\/\/www.orgbalt.eu\/wp-content\/uploads\/2024\/08\/Ekranuznemums-2024-08-26-150831.png\" alt=\"\" class=\"wp-image-5532\" srcset=\"https:\/\/www.orgbalt.eu\/wp-content\/uploads\/2024\/08\/Ekranuznemums-2024-08-26-150831.png 573w, https:\/\/www.orgbalt.eu\/wp-content\/uploads\/2024\/08\/Ekranuznemums-2024-08-26-150831-235x300.png 235w\" sizes=\"auto, (max-width: 573px) 100vw, 573px\" \/><\/a><\/figure>\n<\/div>\n\n\n\n<div class=\"wp-block-column is-layout-flow wp-block-column-is-layout-flow\">\n<h6 class=\"wp-block-heading\"><a href=\"https:\/\/www.orgbalt.eu\/wp-content\/uploads\/2024\/11\/OrgBalt-Laymans-Report-V7_LV_11112024.pdf\" target=\"_blank\" rel=\"noreferrer noopener\">Layman&#8217;s Report p\u0101rskats par projektu un galvenajiem rezult\u0101tiem (latvie\u0161u valod\u0101)<\/a><\/h6>\n\n\n\n<h6 class=\"wp-block-heading\"><a href=\"https:\/\/www.orgbalt.eu\/wp-content\/uploads\/2024\/11\/2024_E1_8_Laymans-Report_ENG_compressed.pdf\" target=\"_blank\" rel=\"noreferrer noopener\">Layman&#8217;s Report &#8211; p\u0101rskats par projektu un galvenajiem rezult\u0101tiem (ang\u013cu valod\u0101)<\/a><\/h6>\n\n\n\n<h6 class=\"wp-block-heading\"><\/h6>\n<\/div>\n<\/div>\n","protected":false},"excerpt":{"rendered":"<p>Layman&#8217;s Report p\u0101rskats par projektu un galvenajiem rezult\u0101tiem (latvie\u0161u valod\u0101) Layman&#8217;s Report &#8211; p\u0101rskats par projektu un galvenajiem rezult\u0101tiem (ang\u013cu valod\u0101)<\/p>\n","protected":false},"author":2,"featured_media":0,"parent":3697,"menu_order":0,"comment_status":"closed","ping_status":"closed","template":"","meta":{"footnotes":""},"class_list":["post-5531","page","type-page","status-publish","hentry"],"post_mailing_queue_ids":[],"_links":{"self":[{"href":"https:\/\/www.orgbalt.eu\/index.php?rest_route=\/wp\/v2\/pages\/5531","targetHints":{"allow":["GET"]}}],"collection":[{"href":"https:\/\/www.orgbalt.eu\/index.php?rest_route=\/wp\/v2\/pages"}],"about":[{"href":"https:\/\/www.orgbalt.eu\/index.php?rest_route=\/wp\/v2\/types\/page"}],"author":[{"embeddable":true,"href":"https:\/\/www.orgbalt.eu\/index.php?rest_route=\/wp\/v2\/users\/2"}],"replies":[{"embeddable":true,"href":"https:\/\/www.orgbalt.eu\/index.php?rest_route=%2Fwp%2Fv2%2Fcomments&post=5531"}],"version-history":[{"count":5,"href":"https:\/\/www.orgbalt.eu\/index.php?rest_route=\/wp\/v2\/pages\/5531\/revisions"}],"predecessor-version":[{"id":5725,"href":"https:\/\/www.orgbalt.eu\/index.php?rest_route=\/wp\/v2\/pages\/5531\/revisions\/5725"}],"up":[{"embeddable":true,"href":"https:\/\/www.orgbalt.eu\/index.php?rest_route=\/wp\/v2\/pages\/3697"}],"wp:attachment":[{"href":"https:\/\/www.orgbalt.eu\/index.php?rest_route=%2Fwp%2Fv2%2Fmedia&parent=5531"}],"curies":[{"name":"wp","href":"https:\/\/api.w.org\/{rel}","templated":true}]}}