{"id":5707,"date":"2024-11-22T17:42:51","date_gmt":"2024-11-22T14:42:51","guid":{"rendered":"https:\/\/www.orgbalt.eu\/?page_id=5707"},"modified":"2024-11-22T17:42:53","modified_gmt":"2024-11-22T14:42:53","slug":"e3-sadarbibas-tikli-networking","status":"publish","type":"page","link":"https:\/\/www.orgbalt.eu\/?page_id=5707&lang=lv","title":{"rendered":"E3 &#8211; Sadarb\u012bbas t\u012bkli (networking)"},"content":{"rendered":"\n<h4 class=\"wp-block-heading\">M\u0113r\u0137i:<\/h4>\n\n\n\n<p>\u0160\u012bs aktivit\u0101tes m\u0113r\u0137is ir apzin\u0101t organiz\u0101cijas un projektus, lai veicin\u0101tu pieredzes apmai\u0146u un zin\u0101\u0161anu p\u0101rnesi, k\u0101 ar\u012b izveidotu sadarb\u012bbas t\u012bklu kop\u012bg\u0101m darb\u012bb\u0101m, kuru m\u0113r\u0137is ir klimata p\u0101rmai\u0146u mazin\u0101\u0161ana.<\/p>\n\n\n\n<h4 class=\"wp-block-heading\">Nodevumi:<\/h4>\n\n\n\n<p><a href=\"https:\/\/www.orgbalt.eu\/wp-content\/uploads\/2024\/11\/2024_E3-Joint-Baltic-and-Finnish-Climate-Change-Mitigation-Action-Program_.pdf\" target=\"_blank\" rel=\"noreferrer noopener\"><strong>E.3. Vienot\u0101 Baltijas un Somijas klimata p\u0101rmai\u0146u mazin\u0101\u0161anas r\u012bc\u012bbas programma<\/strong><\/a><\/p>\n","protected":false},"excerpt":{"rendered":"<p>M\u0113r\u0137i: \u0160\u012bs aktivit\u0101tes m\u0113r\u0137is ir apzin\u0101t organiz\u0101cijas un projektus, lai veicin\u0101tu pieredzes apmai\u0146u un zin\u0101\u0161anu p\u0101rnesi, k\u0101 ar\u012b izveidotu sadarb\u012bbas t\u012bklu kop\u012bg\u0101m darb\u012bb\u0101m, kuru m\u0113r\u0137is ir klimata p\u0101rmai\u0146u mazin\u0101\u0161ana. Nodevumi: [&hellip;]<\/p>\n","protected":false},"author":2,"featured_media":0,"parent":0,"menu_order":0,"comment_status":"closed","ping_status":"closed","template":"","meta":{"footnotes":""},"class_list":["post-5707","page","type-page","status-publish","hentry"],"post_mailing_queue_ids":[],"_links":{"self":[{"href":"https:\/\/www.orgbalt.eu\/index.php?rest_route=\/wp\/v2\/pages\/5707","targetHints":{"allow":["GET"]}}],"collection":[{"href":"https:\/\/www.orgbalt.eu\/index.php?rest_route=\/wp\/v2\/pages"}],"about":[{"href":"https:\/\/www.orgbalt.eu\/index.php?rest_route=\/wp\/v2\/types\/page"}],"author":[{"embeddable":true,"href":"https:\/\/www.orgbalt.eu\/index.php?rest_route=\/wp\/v2\/users\/2"}],"replies":[{"embeddable":true,"href":"https:\/\/www.orgbalt.eu\/index.php?rest_route=%2Fwp%2Fv2%2Fcomments&post=5707"}],"version-history":[{"count":1,"href":"https:\/\/www.orgbalt.eu\/index.php?rest_route=\/wp\/v2\/pages\/5707\/revisions"}],"predecessor-version":[{"id":5708,"href":"https:\/\/www.orgbalt.eu\/index.php?rest_route=\/wp\/v2\/pages\/5707\/revisions\/5708"}],"wp:attachment":[{"href":"https:\/\/www.orgbalt.eu\/index.php?rest_route=%2Fwp%2Fv2%2Fmedia&parent=5707"}],"curies":[{"name":"wp","href":"https:\/\/api.w.org\/{rel}","templated":true}]}}