{"id":5760,"date":"2025-01-20T19:40:22","date_gmt":"2025-01-20T16:40:22","guid":{"rendered":"https:\/\/www.orgbalt.eu\/?page_id=5760"},"modified":"2025-01-20T19:44:03","modified_gmt":"2025-01-20T16:44:03","slug":"rekomendacijas-politikas-veidotajiem","status":"publish","type":"page","link":"https:\/\/www.orgbalt.eu\/?page_id=5760&lang=lv","title":{"rendered":"Rekomend\u0101cijas politikas veidot\u0101jiem"},"content":{"rendered":"\n<p>Rekomend\u0101cijas politikas veidot\u0101jiem LIFE OrgBalt partnervalst\u012bs &#8211; nacion\u0101laj\u0101s valod\u0101s: <\/p>\n\n\n\n<ul class=\"wp-block-list\">\n<li><a href=\"https:\/\/www.orgbalt.eu\/wp-content\/uploads\/2025\/01\/ESTONIA-Policy-Brief-OrgBalt-EST.pdf\" target=\"_blank\" rel=\"noreferrer noopener\"><strong>IGAUNIJA &#8211; rekomend\u0101cijas politikas veidot\u0101jiem<\/strong><\/a><\/li>\n\n\n\n<li><a href=\"https:\/\/www.orgbalt.eu\/wp-content\/uploads\/2025\/01\/Latvia-Policy-Brief-OrgBalt-lat.pdf\" target=\"_blank\" rel=\"noreferrer noopener\"><strong>LATVIJA &#8211; rekomend\u0101cijas politikas veidot\u0101jiem<\/strong><\/a><\/li>\n\n\n\n<li><a href=\"https:\/\/www.orgbalt.eu\/wp-content\/uploads\/2025\/01\/Lithuania-Policy-Brief-OrgBalt-LIT.pdf\" target=\"_blank\" rel=\"noreferrer noopener\"><strong>LIETUVA &#8211; rekomend\u0101cijas politikas veidot\u0101jiem<\/strong><\/a><\/li>\n\n\n\n<li><a href=\"https:\/\/www.orgbalt.eu\/wp-content\/uploads\/2025\/01\/Finland-Policy-Brief-OrgBalt-FIN.pdf\" target=\"_blank\" rel=\"noreferrer noopener\"><strong>SOMIJA &#8211; rekomend\u0101cijas politikas veidot\u0101jiem<\/strong><\/a><\/li>\n\n\n\n<li><a href=\"https:\/\/www.orgbalt.eu\/wp-content\/uploads\/2025\/01\/German-Policy-Brief-OrgBalt-german.pdf\" target=\"_blank\" rel=\"noreferrer noopener\"><strong>V\u0100CIJA &#8211; rekomend\u0101cijas politikas veidot\u0101jiem<\/strong><\/a><\/li>\n<\/ul>\n\n\n\n<p><\/p>\n","protected":false},"excerpt":{"rendered":"<p>Rekomend\u0101cijas politikas veidot\u0101jiem LIFE OrgBalt partnervalst\u012bs &#8211; nacion\u0101laj\u0101s valod\u0101s:<\/p>\n","protected":false},"author":2,"featured_media":0,"parent":0,"menu_order":0,"comment_status":"closed","ping_status":"closed","template":"","meta":{"footnotes":""},"class_list":["post-5760","page","type-page","status-publish","hentry"],"post_mailing_queue_ids":[],"_links":{"self":[{"href":"https:\/\/www.orgbalt.eu\/index.php?rest_route=\/wp\/v2\/pages\/5760","targetHints":{"allow":["GET"]}}],"collection":[{"href":"https:\/\/www.orgbalt.eu\/index.php?rest_route=\/wp\/v2\/pages"}],"about":[{"href":"https:\/\/www.orgbalt.eu\/index.php?rest_route=\/wp\/v2\/types\/page"}],"author":[{"embeddable":true,"href":"https:\/\/www.orgbalt.eu\/index.php?rest_route=\/wp\/v2\/users\/2"}],"replies":[{"embeddable":true,"href":"https:\/\/www.orgbalt.eu\/index.php?rest_route=%2Fwp%2Fv2%2Fcomments&post=5760"}],"version-history":[{"count":2,"href":"https:\/\/www.orgbalt.eu\/index.php?rest_route=\/wp\/v2\/pages\/5760\/revisions"}],"predecessor-version":[{"id":5763,"href":"https:\/\/www.orgbalt.eu\/index.php?rest_route=\/wp\/v2\/pages\/5760\/revisions\/5763"}],"wp:attachment":[{"href":"https:\/\/www.orgbalt.eu\/index.php?rest_route=%2Fwp%2Fv2%2Fmedia&parent=5760"}],"curies":[{"name":"wp","href":"https:\/\/api.w.org\/{rel}","templated":true}]}}